{"id":1465,"date":"2021-10-12T04:48:46","date_gmt":"2021-10-12T04:48:46","guid":{"rendered":"https:\/\/homegroupholdings.com\/?page_id=1465"},"modified":"2021-10-26T17:30:37","modified_gmt":"2021-10-26T17:30:37","slug":"jakoscrzemioslo","status":"publish","type":"page","link":"https:\/\/homegroupholdings.com\/pl\/jakoscrzemioslo\/","title":{"rendered":"Jako\u015b\u0107&#038;Rzemios\u0142o"},"content":{"rendered":"","protected":false},"excerpt":{"rendered":"","protected":false},"author":1,"featured_media":0,"parent":0,"menu_order":0,"comment_status":"closed","ping_status":"closed","template":"quality_craftmanship-page.php","meta":{"inline_featured_image":false,"footnotes":""},"class_list":["post-1465","page","type-page","status-publish","hentry"],"_links":{"self":[{"href":"https:\/\/homegroupholdings.com\/pl\/wp-json\/wp\/v2\/pages\/1465","targetHints":{"allow":["GET"]}}],"collection":[{"href":"https:\/\/homegroupholdings.com\/pl\/wp-json\/wp\/v2\/pages"}],"about":[{"href":"https:\/\/homegroupholdings.com\/pl\/wp-json\/wp\/v2\/types\/page"}],"author":[{"embeddable":true,"href":"https:\/\/homegroupholdings.com\/pl\/wp-json\/wp\/v2\/users\/1"}],"replies":[{"embeddable":true,"href":"https:\/\/homegroupholdings.com\/pl\/wp-json\/wp\/v2\/comments?post=1465"}],"version-history":[{"count":3,"href":"https:\/\/homegroupholdings.com\/pl\/wp-json\/wp\/v2\/pages\/1465\/revisions"}],"predecessor-version":[{"id":2013,"href":"https:\/\/homegroupholdings.com\/pl\/wp-json\/wp\/v2\/pages\/1465\/revisions\/2013"}],"wp:attachment":[{"href":"https:\/\/homegroupholdings.com\/pl\/wp-json\/wp\/v2\/media?parent=1465"}],"curies":[{"name":"wp","href":"https:\/\/api.w.org\/{rel}","templated":true}]}}